{"id":26,"date":"2025-04-11T08:55:28","date_gmt":"2025-04-11T08:55:28","guid":{"rendered":"https:\/\/baresladondeluis.rkinformatika.online\/?page_id=26"},"modified":"2025-04-14T14:50:05","modified_gmt":"2025-04-14T14:50:05","slug":"servicio","status":"publish","type":"page","link":"https:\/\/baresladondeluis.es\/eu\/servicio\/","title":{"rendered":"Zerbitzua"},"content":{"rendered":"\t\t<div data-elementor-type=\"wp-page\" data-elementor-id=\"26\" class=\"elementor elementor-26\" data-elementor-post-type=\"page\">\n\t\t\t\t<div class=\"elementor-element elementor-element-d6672d5 e-con-full e-flex e-con e-parent\" data-id=\"d6672d5\" data-element_type=\"container\" data-e-type=\"container\" data-settings=\"{&quot;background_background&quot;:&quot;classic&quot;,&quot;background_motion_fx_motion_fx_scrolling&quot;:&quot;yes&quot;,&quot;background_motion_fx_devices&quot;:[&quot;desktop&quot;,&quot;tablet&quot;,&quot;mobile&quot;]}\">\n\t\t\t\t<div class=\"elementor-element elementor-element-8bcf9eb animated-slow elementor-invisible elementor-widget elementor-widget-heading\" data-id=\"8bcf9eb\" data-element_type=\"widget\" data-e-type=\"widget\" data-settings=\"{&quot;_animation&quot;:&quot;fadeInDown&quot;}\" data-widget_type=\"heading.default\">\n\t\t\t\t<div class=\"elementor-widget-container\">\n\t\t\t\t\t<h2 class=\"elementor-heading-title elementor-size-default\">Porque venir al bar es mucho m\u00e1s que tomar algo.<\/h2>\t\t\t\t<\/div>\n\t\t\t\t<\/div>\n\t\t\t\t<\/div>\n\t\t<div class=\"elementor-element elementor-element-72c85b5 e-flex e-con-boxed e-con e-parent\" data-id=\"72c85b5\" data-element_type=\"container\" data-e-type=\"container\" data-settings=\"{&quot;background_background&quot;:&quot;classic&quot;}\">\n\t\t\t\t\t<div class=\"e-con-inner\">\n\t\t<div class=\"elementor-element elementor-element-fb8eec7 e-con-full e-flex e-con e-child\" data-id=\"fb8eec7\" data-element_type=\"container\" data-e-type=\"container\" data-settings=\"{&quot;background_background&quot;:&quot;classic&quot;}\">\n\t\t<div class=\"elementor-element elementor-element-7d5b9b9 e-con-full e-flex e-con e-child\" data-id=\"7d5b9b9\" data-element_type=\"container\" data-e-type=\"container\">\n\t\t\t\t<div class=\"elementor-element elementor-element-dedc2c4 animated-slow elementor-invisible elementor-widget elementor-widget-heading\" data-id=\"dedc2c4\" data-element_type=\"widget\" data-e-type=\"widget\" data-settings=\"{&quot;_animation&quot;:&quot;fadeIn&quot;}\" data-widget_type=\"heading.default\">\n\t\t\t\t<div class=\"elementor-widget-container\">\n\t\t\t\t\t<h2 class=\"elementor-heading-title elementor-size-default\">Bebidas<\/h2>\t\t\t\t<\/div>\n\t\t\t\t<\/div>\n\t\t<div class=\"elementor-element elementor-element-3f181ac e-con-full e-flex e-con e-child\" data-id=\"3f181ac\" data-element_type=\"container\" data-e-type=\"container\">\n\t\t\t\t<div class=\"elementor-element elementor-element-d6b4c3a animated-slow elementor-invisible elementor-widget elementor-widget-text-editor\" data-id=\"d6b4c3a\" data-element_type=\"widget\" data-e-type=\"widget\" data-settings=\"{&quot;_animation&quot;:&quot;fadeIn&quot;}\" data-widget_type=\"text-editor.default\">\n\t\t\t\t<div class=\"elementor-widget-container\">\n\t\t\t\t\t\t\t\t\t<p>Desde una ca\u00f1a bien tirada hasta un verm\u00fa de los de siempre, tenemos algo para cada gusto y momento del d\u00eda.<\/p>\t\t\t\t\t\t\t\t<\/div>\n\t\t\t\t<\/div>\n\t\t\t\t<\/div>\n\t\t\t\t<\/div>\n\t\t\t\t<\/div>\n\t\t\t\t\t<\/div>\n\t\t\t\t<\/div>\n\t\t<div class=\"elementor-element elementor-element-09f8833 e-flex e-con-boxed e-con e-parent\" data-id=\"09f8833\" data-element_type=\"container\" data-e-type=\"container\" data-settings=\"{&quot;background_background&quot;:&quot;classic&quot;}\">\n\t\t\t\t\t<div class=\"e-con-inner\">\n\t\t<div class=\"elementor-element elementor-element-3c08b10 e-con-full e-flex e-con e-child\" data-id=\"3c08b10\" data-element_type=\"container\" data-e-type=\"container\" data-settings=\"{&quot;background_background&quot;:&quot;classic&quot;}\">\n\t\t<div class=\"elementor-element elementor-element-94fefb4 e-con-full e-flex e-con e-child\" data-id=\"94fefb4\" data-element_type=\"container\" data-e-type=\"container\">\n\t\t\t\t<div class=\"elementor-element elementor-element-9d025a6 animated-slow elementor-invisible elementor-widget elementor-widget-heading\" data-id=\"9d025a6\" data-element_type=\"widget\" data-e-type=\"widget\" data-settings=\"{&quot;_animation&quot;:&quot;fadeIn&quot;}\" data-widget_type=\"heading.default\">\n\t\t\t\t<div class=\"elementor-widget-container\">\n\t\t\t\t\t<h2 class=\"elementor-heading-title elementor-size-default\">Pintxos y Tapas<\/h2>\t\t\t\t<\/div>\n\t\t\t\t<\/div>\n\t\t<div class=\"elementor-element elementor-element-b75e857 e-con-full e-flex e-con e-child\" data-id=\"b75e857\" data-element_type=\"container\" data-e-type=\"container\">\n\t\t\t\t<div class=\"elementor-element elementor-element-a8013b0 animated-slow elementor-invisible elementor-widget elementor-widget-text-editor\" data-id=\"a8013b0\" data-element_type=\"widget\" data-e-type=\"widget\" data-settings=\"{&quot;_animation&quot;:&quot;fadeIn&quot;}\" data-widget_type=\"text-editor.default\">\n\t\t\t\t<div class=\"elementor-widget-container\">\n\t\t\t\t\t\t\t\t\t<p>Bocados con sabor a bar de barrio, ideales para compartir entre amigos o picar algo mientras disfrutas de una buena charla, una ca\u00f1a bien tirada y el ambiente de siempre.<\/p>\t\t\t\t\t\t\t\t<\/div>\n\t\t\t\t<\/div>\n\t\t\t\t<\/div>\n\t\t\t\t<\/div>\n\t\t\t\t<\/div>\n\t\t\t\t\t<\/div>\n\t\t\t\t<\/div>\n\t\t<div class=\"elementor-element elementor-element-5ff192c e-flex e-con-boxed e-con e-parent\" data-id=\"5ff192c\" data-element_type=\"container\" data-e-type=\"container\" data-settings=\"{&quot;background_background&quot;:&quot;classic&quot;}\">\n\t\t\t\t\t<div class=\"e-con-inner\">\n\t\t<div class=\"elementor-element elementor-element-8f9e21e e-con-full e-flex e-con e-child\" data-id=\"8f9e21e\" data-element_type=\"container\" data-e-type=\"container\" data-settings=\"{&quot;background_background&quot;:&quot;classic&quot;}\">\n\t\t<div class=\"elementor-element elementor-element-375b6bc e-con-full e-flex e-con e-child\" data-id=\"375b6bc\" data-element_type=\"container\" data-e-type=\"container\">\n\t\t\t\t<div class=\"elementor-element elementor-element-90e5dc5 animated-slow elementor-invisible elementor-widget elementor-widget-heading\" data-id=\"90e5dc5\" data-element_type=\"widget\" data-e-type=\"widget\" data-settings=\"{&quot;_animation&quot;:&quot;fadeIn&quot;}\" data-widget_type=\"heading.default\">\n\t\t\t\t<div class=\"elementor-widget-container\">\n\t\t\t\t\t<h2 class=\"elementor-heading-title elementor-size-default\">Juegos y buen Ambiente<\/h2>\t\t\t\t<\/div>\n\t\t\t\t<\/div>\n\t\t<div class=\"elementor-element elementor-element-c0e9a18 e-con-full e-flex e-con e-child\" data-id=\"c0e9a18\" data-element_type=\"container\" data-e-type=\"container\">\n\t\t\t\t<div class=\"elementor-element elementor-element-34c3745 animated-slow elementor-invisible elementor-widget elementor-widget-text-editor\" data-id=\"34c3745\" data-element_type=\"widget\" data-e-type=\"widget\" data-settings=\"{&quot;_animation&quot;:&quot;fadeIn&quot;}\" data-widget_type=\"text-editor.default\">\n\t\t\t\t<div class=\"elementor-widget-container\">\n\t\t\t\t\t\t\t\t\t<p class=\"\" data-start=\"1228\" data-end=\"1408\"><em data-start=\"1258\" data-end=\"1408\">Aqu\u00ed se viene a disfrutar: una partida de cartas, un rato de ajedrez o unos dardos, siempre con buena m\u00fasica de fondo y el mejor ambiente de barrio.<\/em><\/p>\t\t\t\t\t\t\t\t<\/div>\n\t\t\t\t<\/div>\n\t\t\t\t<\/div>\n\t\t\t\t<\/div>\n\t\t\t\t<\/div>\n\t\t\t\t\t<\/div>\n\t\t\t\t<\/div>\n\t\t<div class=\"elementor-element elementor-element-fdc60a4 e-flex e-con-boxed e-con e-parent\" data-id=\"fdc60a4\" data-element_type=\"container\" data-e-type=\"container\" data-settings=\"{&quot;background_background&quot;:&quot;gradient&quot;}\">\n\t\t\t\t\t<div class=\"e-con-inner\">\n\t\t<div class=\"elementor-element elementor-element-19b1d93 e-con-full e-flex e-con e-child\" data-id=\"19b1d93\" data-element_type=\"container\" data-e-type=\"container\">\n\t\t\t\t<div class=\"elementor-element elementor-element-d058e22 elementor-invisible elementor-widget elementor-widget-heading\" data-id=\"d058e22\" data-element_type=\"widget\" data-e-type=\"widget\" data-settings=\"{&quot;_animation&quot;:&quot;fadeInUp&quot;}\" data-widget_type=\"heading.default\">\n\t\t\t\t<div class=\"elementor-widget-container\">\n\t\t\t\t\t<h2 class=\"elementor-heading-title elementor-size-default\">Descubre lo que tenemos preparado para ti.<\/h2>\t\t\t\t<\/div>\n\t\t\t\t<\/div>\n\t\t\t\t<div class=\"elementor-element elementor-element-11507b5 elementor-align-center elementor-invisible elementor-widget elementor-widget-button\" data-id=\"11507b5\" data-element_type=\"widget\" data-e-type=\"widget\" data-settings=\"{&quot;_animation&quot;:&quot;fadeInUp&quot;}\" data-widget_type=\"button.default\">\n\t\t\t\t<div class=\"elementor-widget-container\">\n\t\t\t\t\t\t\t\t\t<div class=\"elementor-button-wrapper\">\n\t\t\t\t\t<a class=\"elementor-button elementor-button-link elementor-size-sm\" href=\"https:\/\/baresladondeluis.es\/contacto\/\">\n\t\t\t\t\t\t<span class=\"elementor-button-content-wrapper\">\n\t\t\t\t\t\t\t\t\t<span class=\"elementor-button-text\">Cont\u00e1ctanos<\/span>\n\t\t\t\t\t<\/span>\n\t\t\t\t\t<\/a>\n\t\t\t\t<\/div>\n\t\t\t\t\t\t\t\t<\/div>\n\t\t\t\t<\/div>\n\t\t\t\t<\/div>\n\t\t\t\t\t<\/div>\n\t\t\t\t<\/div>\n\t\t\t\t<\/div>\n\t\t","protected":false},"excerpt":{"rendered":"<p>Porque venir al bar es mucho m\u00e1s que tomar algo. Bebidas Desde una ca\u00f1a bien tirada hasta un verm\u00fa de los de siempre, tenemos algo para cada gusto y momento del d\u00eda. Pintxos y Tapas Bocados con sabor a bar de barrio, ideales para compartir entre amigos o picar algo mientras disfrutas de una buena [&hellip;]<\/p>\n","protected":false},"author":1,"featured_media":0,"parent":0,"menu_order":0,"comment_status":"closed","ping_status":"closed","template":"elementor_canvas","meta":{"footnotes":""},"class_list":["post-26","page","type-page","status-publish","hentry"],"yoast_head":"<!-- This site is optimized with the Yoast SEO plugin v27.3 - https:\/\/yoast.com\/product\/yoast-seo-wordpress\/ -->\n<title>Servicio - Bar Esla, donde Luis<\/title>\n<meta name=\"robots\" content=\"index, follow, max-snippet:-1, max-image-preview:large, max-video-preview:-1\" \/>\n<link rel=\"canonical\" href=\"https:\/\/baresladondeluis.es\/eu\/servicio\/\" \/>\n<meta property=\"og:locale\" content=\"en_US\" \/>\n<meta property=\"og:type\" content=\"article\" \/>\n<meta property=\"og:title\" content=\"Servicio - Bar Esla, donde Luis\" \/>\n<meta property=\"og:description\" content=\"Porque venir al bar es mucho m\u00e1s que tomar algo. Bebidas Desde una ca\u00f1a bien tirada hasta un verm\u00fa de los de siempre, tenemos algo para cada gusto y momento del d\u00eda. Pintxos y Tapas Bocados con sabor a bar de barrio, ideales para compartir entre amigos o picar algo mientras disfrutas de una buena [&hellip;]\" \/>\n<meta property=\"og:url\" content=\"https:\/\/baresladondeluis.es\/eu\/servicio\/\" \/>\n<meta property=\"og:site_name\" content=\"Bar Esla, donde Luis\" \/>\n<meta property=\"article:modified_time\" content=\"2025-04-14T14:50:05+00:00\" \/>\n<meta name=\"twitter:card\" content=\"summary_large_image\" \/>\n<meta name=\"twitter:label1\" content=\"Est. reading time\" \/>\n\t<meta name=\"twitter:data1\" content=\"1 minutua\" \/>\n<script type=\"application\/ld+json\" class=\"yoast-schema-graph\">{\"@context\":\"https:\\\/\\\/schema.org\",\"@graph\":[{\"@type\":\"WebPage\",\"@id\":\"https:\\\/\\\/baresladondeluis.es\\\/servicio\\\/\",\"url\":\"https:\\\/\\\/baresladondeluis.es\\\/servicio\\\/\",\"name\":\"Servicio - Bar Esla, donde Luis\",\"isPartOf\":{\"@id\":\"https:\\\/\\\/baresladondeluis.es\\\/#website\"},\"datePublished\":\"2025-04-11T08:55:28+00:00\",\"dateModified\":\"2025-04-14T14:50:05+00:00\",\"breadcrumb\":{\"@id\":\"https:\\\/\\\/baresladondeluis.es\\\/servicio\\\/#breadcrumb\"},\"inLanguage\":\"eu\",\"potentialAction\":[{\"@type\":\"ReadAction\",\"target\":[\"https:\\\/\\\/baresladondeluis.es\\\/servicio\\\/\"]}]},{\"@type\":\"BreadcrumbList\",\"@id\":\"https:\\\/\\\/baresladondeluis.es\\\/servicio\\\/#breadcrumb\",\"itemListElement\":[{\"@type\":\"ListItem\",\"position\":1,\"name\":\"Portada\",\"item\":\"https:\\\/\\\/baresladondeluis.es\\\/\"},{\"@type\":\"ListItem\",\"position\":2,\"name\":\"Servicio\"}]},{\"@type\":\"WebSite\",\"@id\":\"https:\\\/\\\/baresladondeluis.es\\\/#website\",\"url\":\"https:\\\/\\\/baresladondeluis.es\\\/\",\"name\":\"Bar Esla, donde Luis\",\"description\":\"Bar de barrio desde 1980\",\"publisher\":{\"@id\":\"https:\\\/\\\/baresladondeluis.es\\\/#organization\"},\"potentialAction\":[{\"@type\":\"SearchAction\",\"target\":{\"@type\":\"EntryPoint\",\"urlTemplate\":\"https:\\\/\\\/baresladondeluis.es\\\/?s={search_term_string}\"},\"query-input\":{\"@type\":\"PropertyValueSpecification\",\"valueRequired\":true,\"valueName\":\"search_term_string\"}}],\"inLanguage\":\"eu\"},{\"@type\":\"Organization\",\"@id\":\"https:\\\/\\\/baresladondeluis.es\\\/#organization\",\"name\":\"Bar Esla, donde Luis\",\"url\":\"https:\\\/\\\/baresladondeluis.es\\\/\",\"logo\":{\"@type\":\"ImageObject\",\"inLanguage\":\"eu\",\"@id\":\"https:\\\/\\\/baresladondeluis.es\\\/#\\\/schema\\\/logo\\\/image\\\/\",\"url\":\"https:\\\/\\\/baresladondeluis.es\\\/wp-content\\\/uploads\\\/2025\\\/04\\\/cropped-Modelo_logoarriba-e1744362533808-1.jpg\",\"contentUrl\":\"https:\\\/\\\/baresladondeluis.es\\\/wp-content\\\/uploads\\\/2025\\\/04\\\/cropped-Modelo_logoarriba-e1744362533808-1.jpg\",\"width\":198,\"height\":206,\"caption\":\"Bar Esla, donde Luis\"},\"image\":{\"@id\":\"https:\\\/\\\/baresladondeluis.es\\\/#\\\/schema\\\/logo\\\/image\\\/\"}}]}<\/script>\n<!-- \/ Yoast SEO plugin. -->","yoast_head_json":{"title":"Servicio - Bar Esla, donde Luis","robots":{"index":"index","follow":"follow","max-snippet":"max-snippet:-1","max-image-preview":"max-image-preview:large","max-video-preview":"max-video-preview:-1"},"canonical":"https:\/\/baresladondeluis.es\/eu\/servicio\/","og_locale":"en_US","og_type":"article","og_title":"Servicio - Bar Esla, donde Luis","og_description":"Porque venir al bar es mucho m\u00e1s que tomar algo. Bebidas Desde una ca\u00f1a bien tirada hasta un verm\u00fa de los de siempre, tenemos algo para cada gusto y momento del d\u00eda. Pintxos y Tapas Bocados con sabor a bar de barrio, ideales para compartir entre amigos o picar algo mientras disfrutas de una buena [&hellip;]","og_url":"https:\/\/baresladondeluis.es\/eu\/servicio\/","og_site_name":"Bar Esla, donde Luis","article_modified_time":"2025-04-14T14:50:05+00:00","twitter_card":"summary_large_image","twitter_misc":{"Est. reading time":"1 minutua"},"schema":{"@context":"https:\/\/schema.org","@graph":[{"@type":"WebPage","@id":"https:\/\/baresladondeluis.es\/servicio\/","url":"https:\/\/baresladondeluis.es\/servicio\/","name":"Servicio - Bar Esla, donde Luis","isPartOf":{"@id":"https:\/\/baresladondeluis.es\/#website"},"datePublished":"2025-04-11T08:55:28+00:00","dateModified":"2025-04-14T14:50:05+00:00","breadcrumb":{"@id":"https:\/\/baresladondeluis.es\/servicio\/#breadcrumb"},"inLanguage":"eu","potentialAction":[{"@type":"ReadAction","target":["https:\/\/baresladondeluis.es\/servicio\/"]}]},{"@type":"BreadcrumbList","@id":"https:\/\/baresladondeluis.es\/servicio\/#breadcrumb","itemListElement":[{"@type":"ListItem","position":1,"name":"Portada","item":"https:\/\/baresladondeluis.es\/"},{"@type":"ListItem","position":2,"name":"Servicio"}]},{"@type":"WebSite","@id":"https:\/\/baresladondeluis.es\/#website","url":"https:\/\/baresladondeluis.es\/","name":"Bar Esla, donde Luis","description":"Bar de barrio desde 1980","publisher":{"@id":"https:\/\/baresladondeluis.es\/#organization"},"potentialAction":[{"@type":"SearchAction","target":{"@type":"EntryPoint","urlTemplate":"https:\/\/baresladondeluis.es\/?s={search_term_string}"},"query-input":{"@type":"PropertyValueSpecification","valueRequired":true,"valueName":"search_term_string"}}],"inLanguage":"eu"},{"@type":"Organization","@id":"https:\/\/baresladondeluis.es\/#organization","name":"Bar Esla, donde Luis","url":"https:\/\/baresladondeluis.es\/","logo":{"@type":"ImageObject","inLanguage":"eu","@id":"https:\/\/baresladondeluis.es\/#\/schema\/logo\/image\/","url":"https:\/\/baresladondeluis.es\/wp-content\/uploads\/2025\/04\/cropped-Modelo_logoarriba-e1744362533808-1.jpg","contentUrl":"https:\/\/baresladondeluis.es\/wp-content\/uploads\/2025\/04\/cropped-Modelo_logoarriba-e1744362533808-1.jpg","width":198,"height":206,"caption":"Bar Esla, donde Luis"},"image":{"@id":"https:\/\/baresladondeluis.es\/#\/schema\/logo\/image\/"}}]}},"_links":{"self":[{"href":"https:\/\/baresladondeluis.es\/eu\/wp-json\/wp\/v2\/pages\/26","targetHints":{"allow":["GET"]}}],"collection":[{"href":"https:\/\/baresladondeluis.es\/eu\/wp-json\/wp\/v2\/pages"}],"about":[{"href":"https:\/\/baresladondeluis.es\/eu\/wp-json\/wp\/v2\/types\/page"}],"author":[{"embeddable":true,"href":"https:\/\/baresladondeluis.es\/eu\/wp-json\/wp\/v2\/users\/1"}],"replies":[{"embeddable":true,"href":"https:\/\/baresladondeluis.es\/eu\/wp-json\/wp\/v2\/comments?post=26"}],"version-history":[{"count":64,"href":"https:\/\/baresladondeluis.es\/eu\/wp-json\/wp\/v2\/pages\/26\/revisions"}],"predecessor-version":[{"id":562,"href":"https:\/\/baresladondeluis.es\/eu\/wp-json\/wp\/v2\/pages\/26\/revisions\/562"}],"wp:attachment":[{"href":"https:\/\/baresladondeluis.es\/eu\/wp-json\/wp\/v2\/media?parent=26"}],"curies":[{"name":"wp","href":"https:\/\/api.w.org\/{rel}","templated":true}]}}